{"id":349,"date":"2013-09-10T21:29:02","date_gmt":"2013-09-10T20:29:02","guid":{"rendered":"http:\/\/www.asmdmarche.fr\/blog\/?page_id=349"},"modified":"2023-07-27T15:11:22","modified_gmt":"2023-07-27T13:11:22","slug":"calendrier-1er-trimestre-2013-2014","status":"publish","type":"page","link":"http:\/\/www.asmdmarche.fr\/blog\/?page_id=349","title":{"rendered":"Inscriptions aux marches"},"content":{"rendered":"<h3><span style=\"color: #ff0000;\"><b>Pour participer aux marches, il faut \u00eatre adh\u00e9rent \u00e0 la Section Marche de l&rsquo;ASMD.<\/b><\/span><\/h3>\n<p>L\u2019\u2019inscription est obligatoire avant chaque marche. Elle nous permet de g\u00e9rer le d\u00e9part des marches et le covoiturage. Sans inscription pr\u00e9alable, vous ne pourrez pas participer \u00e0 la randonn\u00e9e. Chaque semaine, le lien d\u2019inscription vous sera envoy\u00e9 par mail.<\/p>\n<p>&nbsp;<\/p>\n<p>&nbsp;<\/p>\n<p>&nbsp;<\/p>\n","protected":false},"excerpt":{"rendered":"<p>Pour participer aux marches, il faut \u00eatre adh\u00e9rent \u00e0 la Section Marche de l&rsquo;ASMD. L\u2019\u2019inscription est obligatoire avant chaque marche. Elle nous permet de g\u00e9rer le d\u00e9part des marches et le covoiturage. Sans inscription pr\u00e9alable, vous ne pourrez pas participer \u00e0 la randonn\u00e9e. Chaque semaine, le lien d\u2019inscription vous sera envoy\u00e9 par mail. &nbsp; &nbsp; [&hellip;]<\/p>\n","protected":false},"author":4,"featured_media":0,"parent":0,"menu_order":0,"comment_status":"open","ping_status":"open","template":"","meta":[],"_links":{"self":[{"href":"http:\/\/www.asmdmarche.fr\/blog\/index.php?rest_route=\/wp\/v2\/pages\/349"}],"collection":[{"href":"http:\/\/www.asmdmarche.fr\/blog\/index.php?rest_route=\/wp\/v2\/pages"}],"about":[{"href":"http:\/\/www.asmdmarche.fr\/blog\/index.php?rest_route=\/wp\/v2\/types\/page"}],"author":[{"embeddable":true,"href":"http:\/\/www.asmdmarche.fr\/blog\/index.php?rest_route=\/wp\/v2\/users\/4"}],"replies":[{"embeddable":true,"href":"http:\/\/www.asmdmarche.fr\/blog\/index.php?rest_route=%2Fwp%2Fv2%2Fcomments&post=349"}],"version-history":[{"count":88,"href":"http:\/\/www.asmdmarche.fr\/blog\/index.php?rest_route=\/wp\/v2\/pages\/349\/revisions"}],"predecessor-version":[{"id":6033,"href":"http:\/\/www.asmdmarche.fr\/blog\/index.php?rest_route=\/wp\/v2\/pages\/349\/revisions\/6033"}],"wp:attachment":[{"href":"http:\/\/www.asmdmarche.fr\/blog\/index.php?rest_route=%2Fwp%2Fv2%2Fmedia&parent=349"}],"curies":[{"name":"wp","href":"https:\/\/api.w.org\/{rel}","templated":true}]}}